{"id":3361,"date":"2024-01-18T21:47:08","date_gmt":"2024-01-18T21:47:08","guid":{"rendered":"https:\/\/almanya.doktorlar.eu\/?page_id=3361"},"modified":"2024-03-09T15:52:16","modified_gmt":"2024-03-09T15:52:16","slug":"almanyada-doktorluk","status":"publish","type":"page","link":"https:\/\/almanya.doktorlar.eu\/","title":{"rendered":"Almanya\u2019da Doktorluk"},"content":{"rendered":"\n<h4 class=\"wp-block-heading\">T\u00fcrkiye\u2019den mezun doktorlar\u0131n, \u201cAlmanya\u2019da doktorluk\u201d terimi belki de son 5 y\u0131l\u0131n en pop\u00fcler aramalar\u0131nda. \u201cAlmanya\u2019da doktorluk\u201d aramas\u0131 ile kar\u015f\u0131n\u0131za bir \u00e7ok \u015firket \u00e7\u0131kar. T\u00fcrkiye\u2019den doktorlar \u015firketlere dan\u0131\u015fabilir ama \u00f6nce meslekta\u015flar\u0131n\u0131 bulmal\u0131d\u0131r. \u00c7\u00fcnk\u00fc hekimlik usta \u00e7\u0131rak ili\u015fkisine dayal\u0131 bir serbest meslektir. \u00d6ncelikle bir meslekta\u015f\u0131n\u0131z\u0131 bulmal\u0131s\u0131n\u0131z ve dan\u0131\u015fmal\u0131s\u0131n\u0131z. Ticari firmalar ve bu i\u015fi sadece gelir kap\u0131s\u0131 olarak g\u00f6renler, hekimlerin bir araya gelip dayan\u0131\u015fma i\u00e7ine girmesinden memnun olmazlar. \u00c7\u00fcnk\u00fc bu yolda en tasarruflu ve en h\u0131zl\u0131 yolu sadece  meslekta\u015flar\u0131n\u0131z sunar. Arama motorlar\u0131nda yurtd\u0131\u015f\u0131nda hekimlik i\u00e7in \u201c<a href=\"https:\/\/doktorlar.fi\">Doktorlar Kooperatifi<\/a>\u201d, \u201c<a href=\"https:\/\/doktorlarclub.com\">Doktorlar Club<\/a>\u201d yada \u201c<a href=\"https:\/\/t.me\/finlandiya_doktorlar_grubu\/1\">doktorlar telegram grubu<\/a>\u201d gibi aramalar yap\u0131p gruplara kat\u0131l\u0131n. yurtd\u0131\u015f\u0131na giden hekimleri sosyal medyalardan izleyin, dinleyin ve takip edin. Meslekta\u015flar\u0131n\u0131zla bir araya gelerek ancak en tasarruflu yabanc\u0131 dil e\u011fitimini, en iyi yurt d\u0131\u015f\u0131 dan\u0131\u015fmanl\u0131\u011f\u0131n\u0131 ve en tasarruflu g\u00f6\u00e7menlik y\u00f6ntemini elde edebilirsiniz. Siz tasarruf yapt\u0131k\u00e7a sizden ticari rant saylayanlar\u0131n geliri azal\u0131r. Dil \u00f6\u011frenme ve i\u015f bulma yurtd\u0131\u015f\u0131nda doktorluk yapabilmenin temelidir. Di\u011fer i\u015flemler teferruatt\u0131r.<\/h4>\n\n\n<div class=\"wp-block-image\">\n<figure class=\"aligncenter size-full\"><img loading=\"lazy\" decoding=\"async\" width=\"256\" height=\"256\" src=\"https:\/\/almanya.doktorlar.eu\/wp-content\/uploads\/2024\/01\/IMG_7837-e1705870783563.png\" alt=\"\" class=\"wp-image-3374\"\/><\/figure>\n<\/div>\n\n\n<figure class=\"wp-block-embed is-type-rich is-provider-twitter wp-block-embed-twitter\"><div class=\"wp-block-embed__wrapper\">\n<blockquote class=\"twitter-tweet\" data-width=\"550\" data-dnt=\"true\"><p lang=\"tr\" dir=\"ltr\">Doktorlar Birligi Almanya Toplantisi<br>Tarih : <br>14 Mart 2024<a href=\"https:\/\/t.co\/grTUeHzMTY\">https:\/\/t.co\/grTUeHzMTY<\/a><br><br>Saat: <br>17:15 (Almanya Saati)<br>18:15 (Finlandiya Saati)<br>19:15 (Turkiye Saati)<br><br>Toplanti ortami :<br>-Zoho Meeting Uygulamasi <br>-Web Tarayici<br><br>Toplant\u0131 Anahtar\u0131:<br>1251378973<br><br>\u015eifre:<br>nVRcyX<br>Baglanti\u2026 <a href=\"https:\/\/t.co\/yOK88bijLP\">pic.twitter.com\/yOK88bijLP<\/a><\/p>&mdash; Doktorlar Osuuskunta (@DoktorlarFin) <a href=\"https:\/\/twitter.com\/DoktorlarFin\/status\/1766491952550158551?ref_src=twsrc%5Etfw\">March 9, 2024<\/a><\/blockquote><script async src=\"https:\/\/platform.twitter.com\/widgets.js\" charset=\"utf-8\"><\/script>\n<\/div><\/figure>\n\n\n\n<h2 class=\"wp-block-heading\">Almanya\u2019da doktorluk ve T\u00fcrkiye\u2019deki hekimlerin yurt d\u0131\u015f\u0131nda \u00e7\u0131kmas\u0131 i\u00e7in izlenmesi gerekenler nelerdir?<\/h2>\n\n\n\n<h4 class=\"wp-block-heading\">Almanya\u2019da doktorluk aray\u0131\u015f\u0131nda olan T\u00fcrkiye\u2019deki hekimler i\u00e7in yurt d\u0131\u015f\u0131nda \u00e7\u0131kmak i\u00e7in dan\u0131\u015fabilecekleri bilgileri ve doktorlar kooperatifine \u00fcyelik te\u015fvikini anlatan bir rehber niteli\u011finde bir yaz\u0131 ortaya koymak istiyorum<\/h4>\n\n\n\n<h2 class=\"wp-block-heading\">1. Almanya\u2019da Doktorluk \u0130\u00e7in Gerekli Belgeler nelerdir?<\/h2>\n\n\n\n<h4 class=\"wp-block-heading\">Almanya\u2019da doktorluk yapmak i\u00e7in \u00f6ncelikle baz\u0131 belgelere ihtiya\u00e7 duyulmaktad\u0131r. Bunlar aras\u0131nda diploma, dil yeterlilik sertifikas\u0131 (\u00f6rne\u011fin TELC veya TestDaF), \u00e7al\u0131\u015fma izni ve denklik belgesi bulunmaktad\u0131r. T\u00fcrkiye\u2019deki hekimler, bu belgelerle ilgili bilgi almak i\u00e7in Almanya\u2019daki b\u00fcy\u00fckel\u00e7ilik veya konsolosluklara ba\u015fvurabilirler<\/h4>\n\n\n\n<h2 class=\"wp-block-heading\">2. Doktorluk Dil Yeterlili\u011fi: <\/h2>\n\n\n\n<h4 class=\"wp-block-heading\">Almanya\u2019da doktorluk yapmak i\u00e7in Almanca dilinin iyi d\u00fczeyde bilinmesi gerekmektedir. T\u00fcrkiye\u2019deki hekimler, dil yeterlili\u011fini art\u0131rmak i\u00e7in Almanca kurslar\u0131na kat\u0131labilirler. Ayr\u0131ca, Almanya\u2019da mesleki dil kurslar\u0131 da mevcuttur ve bu kurslara kat\u0131larak t\u0131bbi terminolojiyi \u00f6\u011frenebilirler<\/h4>\n\n\n\n<h2 class=\"wp-block-heading\">3. Almanya\u2019da Hekim Denklik \u0130\u015flemleri: <\/h2>\n\n\n\n<h4 class=\"wp-block-heading\">Almanya\u2019da doktorluk i\u00e7in T\u00fcrkiye\u2019de al\u0131nan diploman\u0131n denklik i\u015flemlerinin tamamlanmas\u0131 gerekmektedir. Denklik belgesi almak i\u00e7in T\u00fcrkiye\u2019deki hekimler, Almanya\u2019daki yetkililere ba\u015fvurmal\u0131 ve gerekli belgeleri sa\u011flamal\u0131d\u0131r. Denklik i\u015flemleri uzun s\u00fcrece\u011fi i\u00e7in zaman\u0131nda ba\u015fvuruda bulunmak \u00f6nemlidir<\/h4>\n\n\n\n<h2 class=\"wp-block-heading\">4. Almanya\u2019da Hekimlerin \u0130\u015f Bulma Yollar\u0131: <\/h2>\n\n\n\n<h4 class=\"wp-block-heading\">Almanya\u2019da doktorluk yapmak isteyen T\u00fcrkiye\u2019deki hekimler, i\u015f bulma yollar\u0131n\u0131 ara\u015ft\u0131rmal\u0131d\u0131r. Doktorlar kooperatifinin <a href=\"https:\/\/doktorlar.fi\/yurtdisinda-doktorluk-is-basvurusu\/\">i\u015f ba\u015fvuru formunu doldurmay\u0131 ihmal etmeyin<\/a>. Bunlar aras\u0131nda internet \u00fczerindeki i\u015f ilanlar\u0131, doktorluk yapan T\u00fcrk doktorlarla ileti\u015fim kurmak, Almanya\u2019daki doktorlar kooperatifine ba\u015fvurmak gibi se\u00e7enekler bulunmaktad\u0131r<\/h4>\n\n\n\n<h2 class=\"wp-block-heading\">5. Doktorlar Kooperatifi \u00dcyeli\u011fi ve doktorlar i\u00e7in dan\u0131\u015fmanl\u0131k hizmetleri: <\/h2>\n\n\n\n<h4 class=\"wp-block-heading\">T\u00fcrkiye\u2019deki hekimler, Almanya\u2019da doktorluk yapmak i\u00e7in Doktorlar Kooperatifi\u2019ne \u00fcye olabilirler. Bu kooperatif, T\u00fcrkiye\u2019deki hekimlere Almanya\u2019da i\u015f bulma, dil e\u011fitimi, denklik i\u015flemleri gibi konularda destek sa\u011flamaktad\u0131r. \u00dcyelik avantajlar\u0131 aras\u0131nda i\u015f bulma imkanlar\u0131, mesleki geli\u015fim f\u0131rsatlar\u0131 ve dan\u0131\u015fmanl\u0131k hizmetleri bulunmaktad\u0131r. Yurtd\u0131\u015f\u0131nda hekimlik yapmak isteyen meslekta\u015flar\u0131m\u0131z i\u00e7in <a href=\"https:\/\/doktorlar.fi\/konferanslar\/\">Almanya\u2019da doktorluk i\u00e7in online e\u011fitim ve dan\u0131\u015fmanl\u0131k konferanslar\u0131<\/a> d\u00fczenliyoruz. Ayr\u0131ca \u00fcyelerimiz \u00fccretsiz olarak bu t\u00fcr konferanslara kat\u0131labilirler.<\/h4>\n\n\n\n<h2 class=\"wp-block-heading\">6. Almanya\u2019da Ya\u015fam ve \u0130\u015f Ko\u015fullar\u0131: <\/h2>\n\n\n\n<h4 class=\"wp-block-heading\">Almanya\u2019da doktorluk yapmak isteyen T\u00fcrkiye\u2019deki hekimler, ya\u015fam ve i\u015f ko\u015fullar\u0131n\u0131 g\u00f6z \u00f6n\u00fcnde bulundurmal\u0131d\u0131r. Almanya\u2019daki sa\u011fl\u0131k sistemi, \u00e7al\u0131\u015fma saatleri, maa\u015flar ve sosyal haklar hakk\u0131nda bilgi edinmelisiniz. Ayr\u0131ca, Almanya\u2019da ya\u015fam maliyetleri ve k\u00fclt\u00fcrel farkl\u0131l\u0131klar da g\u00f6z \u00f6n\u00fcnde bulundurulmal\u0131d\u0131r<\/h4>\n\n\n\n<h4 class=\"wp-block-heading\">Sonu\u00e7 olarak, Almanya\u2019da doktorluk yapmak isteyen T\u00fcrkiye\u2019deki hekimler i\u00e7in yurt d\u0131\u015f\u0131nda \u00e7\u0131kmak i\u00e7in dan\u0131\u015fabilecekleri bilgileri ve doktorlar kooperatifine \u00fcyelik te\u015fvikini i\u00e7eren bir rehber niteli\u011finde bir yaz\u0131 haz\u0131rlad\u0131m. Bu yaz\u0131da, gerekli belgeler, dil yeterlili\u011fi, denklik i\u015flemleri, i\u015f bulma yollar\u0131, <a href=\"https:\/\/doktorlar.fi\/uyelik\">doktorlar kooperatifi<\/a> \u00fcyeli\u011fi ve ya\u015fam ko\u015fullar\u0131 gibi konulara de\u011findim. Umar\u0131m bu yaz\u0131, T\u00fcrkiye\u2019deki hekimlere Almanya\u2019da doktorluk yapma konusunda yard\u0131mc\u0131 olur. Konuyla ilgili eklemek istedi\u011finiz sorular\u0131n\u0131z\u0131 \u201c <a href=\"https:\/\/doktorlar.fi\/sss-soru-ekle\/\">S\u0131k\u00e7a Sorulan Sorular(SSS)<\/a>\u201dk\u0131sm\u0131ndan bize g\u00f6nderebilirsiniz. <\/h4>\n\n\n\n<figure class=\"wp-block-embed is-type-rich is-provider-twitter wp-block-embed-twitter\"><div class=\"wp-block-embed__wrapper\">\n<blockquote class=\"twitter-tweet\" data-width=\"550\" data-dnt=\"true\"><p lang=\"tr\" dir=\"ltr\">Doktorlar Osuuskunta (Doktorlar kooperatifi) Almanya faaliyetlerine ba\u015flam\u0131\u015ft\u0131r. Yak\u0131n zamanda Almanya temsilcimizi ve faaliyetlerini lanse edece\u011fiz. <br>\u015eimdiden kooperatif \u00fcyeli\u011fine ve Almanya\u2019da hekimler i\u00e7in i\u015f ba\u015fvurusuna m\u00fcracaat edebilirsiniz.<br>\ud83d\udc49<a href=\"https:\/\/t.co\/grTUeHzMTY\">https:\/\/t.co\/grTUeHzMTY<\/a>\u2026 <a href=\"https:\/\/t.co\/8e8WpoBNiK\">pic.twitter.com\/8e8WpoBNiK<\/a><\/p>&mdash; Doktorlar Osuuskunta (@DoktorlarFin) <a href=\"https:\/\/twitter.com\/DoktorlarFin\/status\/1748295240396542369?ref_src=twsrc%5Etfw\">January 19, 2024<\/a><\/blockquote><script async src=\"https:\/\/platform.twitter.com\/widgets.js\" charset=\"utf-8\"><\/script>\n<\/div><\/figure>\n","protected":false},"excerpt":{"rendered":"<p>T\u00fcrkiye\u2019den mezun doktorlar\u0131n, \u201cAlmanya\u2019da doktorluk\u201d terimi belki de son 5 y\u0131l\u0131n en pop\u00fcler aramalar\u0131nda. \u201cAlmanya\u2019da doktorluk\u201d aramas\u0131 ile kar\u015f\u0131n\u0131za bir \u00e7ok \u015firket \u00e7\u0131kar. T\u00fcrkiye\u2019den doktorlar \u015firketlere dan\u0131\u015fabilir ama \u00f6nce meslekta\u015flar\u0131n\u0131 bulmal\u0131d\u0131r. \u00c7\u00fcnk\u00fc hekimlik usta \u00e7\u0131rak ili\u015fkisine dayal\u0131 bir serbest meslektir. \u00d6ncelikle bir meslekta\u015f\u0131n\u0131z\u0131 bulmal\u0131s\u0131n\u0131z ve dan\u0131\u015fmal\u0131s\u0131n\u0131z. Ticari firmalar ve bu i\u015fi sadece gelir kap\u0131s\u0131 olarak [&hellip;]<\/p>\n","protected":false},"author":1,"featured_media":3371,"parent":0,"menu_order":0,"comment_status":"closed","ping_status":"closed","template":"","meta":{"footnotes":""},"class_list":["post-3361","page","type-page","status-publish","has-post-thumbnail","hentry"],"yoast_head":"<!-- This site is optimized with the Yoast SEO plugin v27.3 - https:\/\/yoast.com\/product\/yoast-seo-wordpress\/ -->\n<title>Almanya\u2019da Doktorluk - Almanya&#039;da Doktorluk-Doktorlar<\/title>\n<meta name=\"description\" content=\"Almanya\u2019da doktorluk i\u00e7in ne yapmak gerekiyor, Almanya\u2019da denklik i\u00e7in gereken belgeler, Almanya\u2019da diploma denklik tan\u0131tma\" \/>\n<meta name=\"robots\" content=\"index, follow, max-snippet:-1, max-image-preview:large, max-video-preview:-1\" \/>\n<link rel=\"canonical\" href=\"https:\/\/almanya.doktorlar.eu\/\" \/>\n<meta property=\"og:locale\" content=\"tr_TR\" \/>\n<meta property=\"og:type\" content=\"article\" \/>\n<meta property=\"og:title\" content=\"Almanya\u2019da doktorluk\" \/>\n<meta property=\"og:description\" content=\"Almanya\u2019da doktorluk yapmak i\u00e7in izlenecek yol haritas\u0131 ve yap\u0131lacaklar nelerdir? En h\u0131zl\u0131 ve en tasarruflu y\u00f6ntemleri\" \/>\n<meta property=\"og:url\" content=\"https:\/\/almanya.doktorlar.eu\/\" \/>\n<meta property=\"og:site_name\" content=\"Almanya&#039;da Doktorluk-Doktorlar\" \/>\n<meta property=\"article:publisher\" content=\"https:\/\/www.facebook.com\/groups\/finlandiya.doktorlar\" \/>\n<meta property=\"article:modified_time\" content=\"2024-03-09T15:52:16+00:00\" \/>\n<meta property=\"og:image\" content=\"https:\/\/almanya.doktorlar.eu\/wp-content\/uploads\/2024\/01\/almanya_doktorlar2-e1705877587468.jpeg\" \/>\n\t<meta property=\"og:image:width\" content=\"250\" \/>\n\t<meta property=\"og:image:height\" content=\"251\" \/>\n\t<meta property=\"og:image:type\" content=\"image\/jpeg\" \/>\n<meta name=\"twitter:card\" content=\"summary_large_image\" \/>\n<meta name=\"twitter:title\" content=\"Almanya\u2019da doktorluk\" \/>\n<meta name=\"twitter:description\" content=\"Almanya\u2019da doktorluk yapmak i\u00e7in izlenecek yol haritas\u0131 ve yap\u0131lacaklar nelerdir? En h\u0131zl\u0131 ve en tasarruflu y\u00f6ntemleri\" \/>\n<meta name=\"twitter:image\" content=\"https:\/\/almanya.doktorlar.eu\/wp-content\/uploads\/2024\/01\/almanya_doktorlar2-e1705877587468.jpeg\" \/>\n<meta name=\"twitter:site\" content=\"@DoktorlarFin\" \/>\n<meta name=\"twitter:label1\" content=\"Tahmini okuma s\u00fcresi\" \/>\n\t<meta name=\"twitter:data1\" content=\"4 dakika\" \/>\n<script type=\"application\/ld+json\" class=\"yoast-schema-graph\">{\"@context\":\"https:\\\/\\\/schema.org\",\"@graph\":[{\"@type\":\"WebPage\",\"@id\":\"https:\\\/\\\/almanya.doktorlar.eu\\\/\",\"url\":\"https:\\\/\\\/almanya.doktorlar.eu\\\/\",\"name\":\"Almanya\u2019da Doktorluk - Almanya&#039;da Doktorluk-Doktorlar\",\"isPartOf\":{\"@id\":\"https:\\\/\\\/almanya.doktorlar.eu\\\/#website\"},\"primaryImageOfPage\":{\"@id\":\"https:\\\/\\\/almanya.doktorlar.eu\\\/#primaryimage\"},\"image\":{\"@id\":\"https:\\\/\\\/almanya.doktorlar.eu\\\/#primaryimage\"},\"thumbnailUrl\":\"https:\\\/\\\/almanya.doktorlar.eu\\\/wp-content\\\/uploads\\\/2024\\\/01\\\/IMG_7840-e1705871930785.png\",\"datePublished\":\"2024-01-18T21:47:08+00:00\",\"dateModified\":\"2024-03-09T15:52:16+00:00\",\"description\":\"Almanya\u2019da doktorluk i\u00e7in ne yapmak gerekiyor, Almanya\u2019da denklik i\u00e7in gereken belgeler, Almanya\u2019da diploma denklik tan\u0131tma\",\"breadcrumb\":{\"@id\":\"https:\\\/\\\/almanya.doktorlar.eu\\\/#breadcrumb\"},\"inLanguage\":\"tr\",\"potentialAction\":[{\"@type\":\"ReadAction\",\"target\":[\"https:\\\/\\\/almanya.doktorlar.eu\\\/\"]}]},{\"@type\":\"ImageObject\",\"inLanguage\":\"tr\",\"@id\":\"https:\\\/\\\/almanya.doktorlar.eu\\\/#primaryimage\",\"url\":\"https:\\\/\\\/almanya.doktorlar.eu\\\/wp-content\\\/uploads\\\/2024\\\/01\\\/IMG_7840-e1705871930785.png\",\"contentUrl\":\"https:\\\/\\\/almanya.doktorlar.eu\\\/wp-content\\\/uploads\\\/2024\\\/01\\\/IMG_7840-e1705871930785.png\",\"width\":250,\"height\":250},{\"@type\":\"BreadcrumbList\",\"@id\":\"https:\\\/\\\/almanya.doktorlar.eu\\\/#breadcrumb\",\"itemListElement\":[{\"@type\":\"ListItem\",\"position\":1,\"name\":\"Anasayfa\",\"item\":\"https:\\\/\\\/almanya.doktorlar.eu\\\/\"},{\"@type\":\"ListItem\",\"position\":2,\"name\":\"Almanya\u2019da Doktorluk\"}]},{\"@type\":\"WebSite\",\"@id\":\"https:\\\/\\\/almanya.doktorlar.eu\\\/#website\",\"url\":\"https:\\\/\\\/almanya.doktorlar.eu\\\/\",\"name\":\"Almanya - Doktorlar Osuuskunta\",\"description\":\"Almanya\u2019da doktorluk\",\"publisher\":{\"@id\":\"https:\\\/\\\/almanya.doktorlar.eu\\\/#organization\"},\"potentialAction\":[{\"@type\":\"SearchAction\",\"target\":{\"@type\":\"EntryPoint\",\"urlTemplate\":\"https:\\\/\\\/almanya.doktorlar.eu\\\/?s={search_term_string}\"},\"query-input\":{\"@type\":\"PropertyValueSpecification\",\"valueRequired\":true,\"valueName\":\"search_term_string\"}}],\"inLanguage\":\"tr\"},{\"@type\":\"Organization\",\"@id\":\"https:\\\/\\\/almanya.doktorlar.eu\\\/#organization\",\"name\":\"Almanya'da Doktorluk - Doktorlar\",\"alternateName\":\"Doktorlar Kooperatifi\",\"url\":\"https:\\\/\\\/almanya.doktorlar.eu\\\/\",\"logo\":{\"@type\":\"ImageObject\",\"inLanguage\":\"tr\",\"@id\":\"https:\\\/\\\/almanya.doktorlar.eu\\\/#\\\/schema\\\/logo\\\/image\\\/\",\"url\":\"https:\\\/\\\/almanya.doktorlar.eu\\\/wp-content\\\/uploads\\\/2024\\\/01\\\/cropped-almanya_doktorlar.jpeg\",\"contentUrl\":\"https:\\\/\\\/almanya.doktorlar.eu\\\/wp-content\\\/uploads\\\/2024\\\/01\\\/cropped-almanya_doktorlar.jpeg\",\"width\":579,\"height\":271,\"caption\":\"Almanya'da Doktorluk - Doktorlar\"},\"image\":{\"@id\":\"https:\\\/\\\/almanya.doktorlar.eu\\\/#\\\/schema\\\/logo\\\/image\\\/\"},\"sameAs\":[\"https:\\\/\\\/www.facebook.com\\\/groups\\\/finlandiya.doktorlar\",\"https:\\\/\\\/x.com\\\/DoktorlarFin\",\"https:\\\/\\\/t.me\\\/finlandiya_doktorlar_grubu\\\/\",\"https:\\\/\\\/www.instagram.com\\\/finlandiya.doktorlar\\\/\",\"https:\\\/\\\/www.linkedin.com\\\/company\\\/86275717\\\/\"]}]}<\/script>\n<!-- \/ Yoast SEO plugin. -->","yoast_head_json":{"title":"Almanya\u2019da Doktorluk - Almanya&#039;da Doktorluk-Doktorlar","description":"Almanya\u2019da doktorluk i\u00e7in ne yapmak gerekiyor, Almanya\u2019da denklik i\u00e7in gereken belgeler, Almanya\u2019da diploma denklik tan\u0131tma","robots":{"index":"index","follow":"follow","max-snippet":"max-snippet:-1","max-image-preview":"max-image-preview:large","max-video-preview":"max-video-preview:-1"},"canonical":"https:\/\/almanya.doktorlar.eu\/","og_locale":"tr_TR","og_type":"article","og_title":"Almanya\u2019da doktorluk","og_description":"Almanya\u2019da doktorluk yapmak i\u00e7in izlenecek yol haritas\u0131 ve yap\u0131lacaklar nelerdir? En h\u0131zl\u0131 ve en tasarruflu y\u00f6ntemleri","og_url":"https:\/\/almanya.doktorlar.eu\/","og_site_name":"Almanya&#039;da Doktorluk-Doktorlar","article_publisher":"https:\/\/www.facebook.com\/groups\/finlandiya.doktorlar","article_modified_time":"2024-03-09T15:52:16+00:00","og_image":[{"width":250,"height":251,"url":"https:\/\/almanya.doktorlar.eu\/wp-content\/uploads\/2024\/01\/almanya_doktorlar2-e1705877587468.jpeg","type":"image\/jpeg"}],"twitter_card":"summary_large_image","twitter_title":"Almanya\u2019da doktorluk","twitter_description":"Almanya\u2019da doktorluk yapmak i\u00e7in izlenecek yol haritas\u0131 ve yap\u0131lacaklar nelerdir? En h\u0131zl\u0131 ve en tasarruflu y\u00f6ntemleri","twitter_image":"https:\/\/almanya.doktorlar.eu\/wp-content\/uploads\/2024\/01\/almanya_doktorlar2-e1705877587468.jpeg","twitter_site":"@DoktorlarFin","twitter_misc":{"Tahmini okuma s\u00fcresi":"4 dakika"},"schema":{"@context":"https:\/\/schema.org","@graph":[{"@type":"WebPage","@id":"https:\/\/almanya.doktorlar.eu\/","url":"https:\/\/almanya.doktorlar.eu\/","name":"Almanya\u2019da Doktorluk - Almanya&#039;da Doktorluk-Doktorlar","isPartOf":{"@id":"https:\/\/almanya.doktorlar.eu\/#website"},"primaryImageOfPage":{"@id":"https:\/\/almanya.doktorlar.eu\/#primaryimage"},"image":{"@id":"https:\/\/almanya.doktorlar.eu\/#primaryimage"},"thumbnailUrl":"https:\/\/almanya.doktorlar.eu\/wp-content\/uploads\/2024\/01\/IMG_7840-e1705871930785.png","datePublished":"2024-01-18T21:47:08+00:00","dateModified":"2024-03-09T15:52:16+00:00","description":"Almanya\u2019da doktorluk i\u00e7in ne yapmak gerekiyor, Almanya\u2019da denklik i\u00e7in gereken belgeler, Almanya\u2019da diploma denklik tan\u0131tma","breadcrumb":{"@id":"https:\/\/almanya.doktorlar.eu\/#breadcrumb"},"inLanguage":"tr","potentialAction":[{"@type":"ReadAction","target":["https:\/\/almanya.doktorlar.eu\/"]}]},{"@type":"ImageObject","inLanguage":"tr","@id":"https:\/\/almanya.doktorlar.eu\/#primaryimage","url":"https:\/\/almanya.doktorlar.eu\/wp-content\/uploads\/2024\/01\/IMG_7840-e1705871930785.png","contentUrl":"https:\/\/almanya.doktorlar.eu\/wp-content\/uploads\/2024\/01\/IMG_7840-e1705871930785.png","width":250,"height":250},{"@type":"BreadcrumbList","@id":"https:\/\/almanya.doktorlar.eu\/#breadcrumb","itemListElement":[{"@type":"ListItem","position":1,"name":"Anasayfa","item":"https:\/\/almanya.doktorlar.eu\/"},{"@type":"ListItem","position":2,"name":"Almanya\u2019da Doktorluk"}]},{"@type":"WebSite","@id":"https:\/\/almanya.doktorlar.eu\/#website","url":"https:\/\/almanya.doktorlar.eu\/","name":"Almanya - Doktorlar Osuuskunta","description":"Almanya\u2019da doktorluk","publisher":{"@id":"https:\/\/almanya.doktorlar.eu\/#organization"},"potentialAction":[{"@type":"SearchAction","target":{"@type":"EntryPoint","urlTemplate":"https:\/\/almanya.doktorlar.eu\/?s={search_term_string}"},"query-input":{"@type":"PropertyValueSpecification","valueRequired":true,"valueName":"search_term_string"}}],"inLanguage":"tr"},{"@type":"Organization","@id":"https:\/\/almanya.doktorlar.eu\/#organization","name":"Almanya'da Doktorluk - Doktorlar","alternateName":"Doktorlar Kooperatifi","url":"https:\/\/almanya.doktorlar.eu\/","logo":{"@type":"ImageObject","inLanguage":"tr","@id":"https:\/\/almanya.doktorlar.eu\/#\/schema\/logo\/image\/","url":"https:\/\/almanya.doktorlar.eu\/wp-content\/uploads\/2024\/01\/cropped-almanya_doktorlar.jpeg","contentUrl":"https:\/\/almanya.doktorlar.eu\/wp-content\/uploads\/2024\/01\/cropped-almanya_doktorlar.jpeg","width":579,"height":271,"caption":"Almanya'da Doktorluk - Doktorlar"},"image":{"@id":"https:\/\/almanya.doktorlar.eu\/#\/schema\/logo\/image\/"},"sameAs":["https:\/\/www.facebook.com\/groups\/finlandiya.doktorlar","https:\/\/x.com\/DoktorlarFin","https:\/\/t.me\/finlandiya_doktorlar_grubu\/","https:\/\/www.instagram.com\/finlandiya.doktorlar\/","https:\/\/www.linkedin.com\/company\/86275717\/"]}]}},"_links":{"self":[{"href":"https:\/\/almanya.doktorlar.eu\/index.php\/wp-json\/wp\/v2\/pages\/3361","targetHints":{"allow":["GET"]}}],"collection":[{"href":"https:\/\/almanya.doktorlar.eu\/index.php\/wp-json\/wp\/v2\/pages"}],"about":[{"href":"https:\/\/almanya.doktorlar.eu\/index.php\/wp-json\/wp\/v2\/types\/page"}],"author":[{"embeddable":true,"href":"https:\/\/almanya.doktorlar.eu\/index.php\/wp-json\/wp\/v2\/users\/1"}],"replies":[{"embeddable":true,"href":"https:\/\/almanya.doktorlar.eu\/index.php\/wp-json\/wp\/v2\/comments?post=3361"}],"version-history":[{"count":18,"href":"https:\/\/almanya.doktorlar.eu\/index.php\/wp-json\/wp\/v2\/pages\/3361\/revisions"}],"predecessor-version":[{"id":3490,"href":"https:\/\/almanya.doktorlar.eu\/index.php\/wp-json\/wp\/v2\/pages\/3361\/revisions\/3490"}],"wp:featuredmedia":[{"embeddable":true,"href":"https:\/\/almanya.doktorlar.eu\/index.php\/wp-json\/wp\/v2\/media\/3371"}],"wp:attachment":[{"href":"https:\/\/almanya.doktorlar.eu\/index.php\/wp-json\/wp\/v2\/media?parent=3361"}],"curies":[{"name":"wp","href":"https:\/\/api.w.org\/{rel}","templated":true}]}}